{"id":154,"date":"2026-02-17T16:16:04","date_gmt":"2026-02-17T13:16:04","guid":{"rendered":"https:\/\/www.usahairology.com\/sobre-nosotros\/"},"modified":"2026-02-20T15:31:07","modified_gmt":"2026-02-20T12:31:07","slug":"sobre-nosotros","status":"publish","type":"page","link":"https:\/\/www.usahairology.com\/es\/sobre-nosotros\/","title":{"rendered":"Sobre Nosotros"},"content":{"rendered":"<p>Hairology es una marca de trasplante y restauraci\u00f3n capilar especializada, con una cartera internacional de pacientes. A lo largo de los 10 a\u00f1os transcurridos desde su fundaci\u00f3n, su objetivo ha sido ofrecer resultados naturales y duraderos combinando los principios de la cirug\u00eda est\u00e9tica con t\u00e9cnicas modernas de trasplante capilar.<\/p>\n<p>Las operaciones m\u00e9dicas de la empresa se realizan bajo el liderazgo del Dr. Humberto Fernandez Miro, especialista con amplia experiencia en trasplante capilar. El enfoque del Dr. Miro se centra en la planificaci\u00f3n personalizada, el dise\u00f1o de una l\u00ednea capilar anat\u00f3micamente precisa y una alta tasa de supervivencia de los injertos. Con m\u00e1s de 10.000 procedimientos de trasplante capilar realizados hasta la fecha, la Cl\u00ednica Hairology se encuentra entre los centros preferidos a nivel internacional.<\/p>\n<p>Hairology se posiciona como una estructura de alcance global. Nuestro centro en Miami (Estados Unidos) presta servicio de forma activa y nos permite atender a pacientes del mercado norteamericano. Adem\u00e1s, gracias a las operaciones y a las estructuras de equipo desarrolladas activamente en Turqu\u00eda y Alemania, se ofrecen procesos de tratamiento integrales a pacientes procedentes de Europa y Oriente Medio.<\/p>\n<p>Las estructuras afiliadas de Hairology ubicadas en distintos pa\u00edses y sus est\u00e1ndares operativos internacionales garantizan un enfoque unificado en los protocolos cl\u00ednicos, los procesos de control de calidad y la gesti\u00f3n de la experiencia del paciente. De este modo, independientemente del pa\u00eds donde se reciba el servicio, se ofrece a nuestros pacientes el mismo est\u00e1ndar de calidad m\u00e9dica y resultados est\u00e9ticos.<\/p>\n<p>Guiada por los principios de fiabilidad, transparencia y satisfacci\u00f3n sostenible del paciente en el \u00e1mbito internacional del trasplante capilar, Hairology contin\u00faa prestando sus servicios mediante una planificaci\u00f3n personalizada, t\u00e9cnicas avanzadas y un equipo m\u00e9dico multinacional.<\/p>\n","protected":false},"excerpt":{"rendered":"<p>Hairology es una marca de trasplante y restauraci\u00f3n capilar especializada, con una cartera internacional de pacientes. A lo largo de los 10 a\u00f1os transcurridos desde su fundaci\u00f3n, su objetivo ha sido ofrecer resultados naturales y duraderos combinando los principios de la cirug\u00eda est\u00e9tica con t\u00e9cnicas modernas de trasplante capilar. Las operaciones m\u00e9dicas de la empresa [&hellip;]<\/p>\n","protected":false},"author":1,"featured_media":153,"parent":0,"menu_order":0,"comment_status":"closed","ping_status":"closed","template":"","meta":{"footnotes":""},"class_list":["post-154","page","type-page","status-publish","has-post-thumbnail","hentry"],"_links":{"self":[{"href":"https:\/\/www.usahairology.com\/es\/wp-json\/wp\/v2\/pages\/154","targetHints":{"allow":["GET"]}}],"collection":[{"href":"https:\/\/www.usahairology.com\/es\/wp-json\/wp\/v2\/pages"}],"about":[{"href":"https:\/\/www.usahairology.com\/es\/wp-json\/wp\/v2\/types\/page"}],"author":[{"embeddable":true,"href":"https:\/\/www.usahairology.com\/es\/wp-json\/wp\/v2\/users\/1"}],"replies":[{"embeddable":true,"href":"https:\/\/www.usahairology.com\/es\/wp-json\/wp\/v2\/comments?post=154"}],"version-history":[{"count":1,"href":"https:\/\/www.usahairology.com\/es\/wp-json\/wp\/v2\/pages\/154\/revisions"}],"predecessor-version":[{"id":213,"href":"https:\/\/www.usahairology.com\/es\/wp-json\/wp\/v2\/pages\/154\/revisions\/213"}],"wp:featuredmedia":[{"embeddable":true,"href":"https:\/\/www.usahairology.com\/es\/wp-json\/wp\/v2\/media\/153"}],"wp:attachment":[{"href":"https:\/\/www.usahairology.com\/es\/wp-json\/wp\/v2\/media?parent=154"}],"curies":[{"name":"wp","href":"https:\/\/api.w.org\/{rel}","templated":true}]}}